{"id":16448,"date":"2022-07-01T04:24:12","date_gmt":"2022-07-01T04:24:12","guid":{"rendered":"https:\/\/medicate.peacefulqode.com\/?post_type=product&#038;p=16448"},"modified":"2026-04-04T12:44:10","modified_gmt":"2026-04-04T17:44:10","slug":"como-transformar-la-investigacion-clinica-en-3-pasos","status":"publish","type":"product","link":"https:\/\/aciccolombia.org\/en\/producto\/como-transformar-la-investigacion-clinica-en-3-pasos\/","title":{"rendered":"LIBRO: C\u00f3mo Transformar la Investigaci\u00f3n cl\u00ednica en 3 pasos: Innovaci\u00f3n, calidad y gesti\u00f3n. Historias detr\u00e1s de los centros de investigaci\u00f3n cl\u00ednica exitosos"},"content":{"rendered":"<p>La Asociaci\u00f3n Colombiana de Centros de Investigaci\u00f3n Cl\u00ednica ACIC, presenta el libro C\u00f3mo Transformar la Investigaci\u00f3n cl\u00ednica en 3 pasos: Innovaci\u00f3n, calidad y gesti\u00f3n. Las historias detr\u00e1s de los centros de investigaci\u00f3n cl\u00ednica exitosos del pa\u00eds. Es una iniciativa editorial de ACIC, que logr\u00f3 reunir a quince autores, todos reconocidos m\u00e9dicos investigadores, epidemi\u00f3logos y otros profesionales del sector, quienes en 17 cap\u00edtulos y 5 entrevistas hacen un interesante recorrido por los hechos m\u00e1s relevantes que ha vivido la investigaci\u00f3n cl\u00ednica antes y despu\u00e9s de la reciente pandemia.<br \/>\n\u201cEs un texto de lectura obligada para todas las personas o profesionales que quieran incursionar en el \u00e1rea de la investigaci\u00f3n cl\u00ednica\u201d. escribi\u00f3 en el pr\u00f3logo del libro el doctor Francisco Lopera Restrepo, reconocido m\u00e9dico neur\u00f3logo y coordinador del grupo de Neurociencias de la Universidad de Antioquia.<br \/>\n\u201cSu lectura es importante para no caer en el error que anunci\u00f3 George Santayana en su sentencia: -Quien no conoce la historia, est\u00e1 condenado a repetirla-,\u201d Dijo el dr. Lopera.<br \/>\nLa presidente de la Asociaci\u00f3n de Centros de Investigaci\u00f3n Cl\u00ednica, doctora Alexandra Terront conf\u00eda que este libro y el unir a los centros m\u00e1s representativos de Colombia sea un esfuerzo que logre alzar la voz por un sector poco conocido, pero muy relevante para el desarrollo del pa\u00eds: \u201cEs semilla para la uni\u00f3n de quienes queremos trabajar en equipo por una causa com\u00fan: mejores centros de investigaci\u00f3n cl\u00ednica en Colombia\u201d. dijo la doctora Terront.<br \/>\nEn uno de los cap\u00edtulos del libro la doctora Dora In\u00e9s Molina explica \u201cC\u00f3mo crear un centro de investigaci\u00f3n cl\u00ednica y no morir en el intento\u201d La ex presidente de la sociedad colombiana de m\u00e9dicos internistas, 37 a\u00f1os profesora titular de la Universidad de Caldas explica c\u00f3mo las mujeres m\u00e9dicas investigadoras ahora tambi\u00e9n son gerentes, directoras cient\u00edficas y l\u00edderes del proceso de investigaci\u00f3n.<br \/>\n\u201cEstas p\u00e1ginas son el punto de encuentro con la vida, las historias y las experiencias de profesionales de la salud que le han dedicado su vida a investigar, unos que ya completan varios a\u00f1os y otros que apenas comienzan.<br \/>\nDurante el trayecto, revelaremos informaci\u00f3n realista, \u00fatil y relevante sobre el ejercicio de la investigaci\u00f3n cl\u00ednica. Ser\u00e1s testigo en tu lectura de un sincero acercamiento al pasado y presente de la investigaci\u00f3n cl\u00ednica en Colombia, aquella que desarrollamos para ayudar a crear nuevos medicamentos y vacunas que han permitido salvar vidas en el mundo. Es una expedici\u00f3n que tiene tres escalas, primero en la innovaci\u00f3n, luego en la calidad y finalmente en la gesti\u00f3n.\u201d escribi\u00f3 la doctora Molina en la introducci\u00f3n del libro.<\/p>\n","protected":false},"excerpt":{"rendered":"<p>La Asociaci\u00f3n Colombiana de Centros de Investigaci\u00f3n Cl\u00ednica ACIC, presenta el libro C\u00f3mo Transformar la Investigaci\u00f3n cl\u00ednica en 3 pasos: Innovaci\u00f3n, calidad y gesti\u00f3n. Las historias detr\u00e1s de los centros de investigaci\u00f3n cl\u00ednica exitosos del pa\u00eds. Es una iniciativa editorial de ACIC, que logr\u00f3 reunir a quince autores, todos reconocidos m\u00e9dicos investigadores, epidemi\u00f3logos y otros profesionales del sector, quienes en 17 cap\u00edtulos y 5 entrevistas hacen un interesante recorrido por los hechos m\u00e1s relevantes que ha vivido la investigaci\u00f3n cl\u00ednica antes y despu\u00e9s de la reciente pandemia.<\/p>\n","protected":false},"featured_media":19162,"comment_status":"open","ping_status":"closed","template":"","meta":{"_coblocks_attr":"","_coblocks_dimensions":"","_coblocks_responsive_height":"","_coblocks_accordion_ie_support":"","rs_blank_template":"","rs_page_bg_color":"","slide_template_v7":""},"product_brand":[],"product_cat":[82],"product_tag":[],"class_list":{"0":"post-16448","1":"product","2":"type-product","3":"status-publish","4":"has-post-thumbnail","6":"product_cat-libro","8":"first","9":"instock","10":"taxable","11":"shipping-taxable","12":"purchasable","13":"product-type-simple"},"yoast_head":"<!-- This site is optimized with the Yoast SEO plugin v27.4 - https:\/\/yoast.com\/product\/yoast-seo-wordpress\/ -->\n<title>LIBRO: C\u00f3mo Transformar la Investigaci\u00f3n cl\u00ednica en 3 pasos: Innovaci\u00f3n, calidad y gesti\u00f3n. Historias detr\u00e1s de los centros de investigaci\u00f3n cl\u00ednica exitosos - ACIC<\/title>\n<meta name=\"robots\" content=\"index, follow, max-snippet:-1, max-image-preview:large, max-video-preview:-1\" \/>\n<link rel=\"canonical\" href=\"https:\/\/aciccolombia.org\/producto\/como-transformar-la-investigacion-clinica-en-3-pasos\/\" \/>\n<meta property=\"og:locale\" content=\"en_US\" \/>\n<meta property=\"og:type\" content=\"article\" \/>\n<meta property=\"og:title\" content=\"LIBRO: C\u00f3mo Transformar la Investigaci\u00f3n cl\u00ednica en 3 pasos: Innovaci\u00f3n, calidad y gesti\u00f3n. Historias detr\u00e1s de los centros de investigaci\u00f3n cl\u00ednica exitosos - ACIC\" \/>\n<meta property=\"og:description\" content=\"La Asociaci\u00f3n Colombiana de Centros de Investigaci\u00f3n Cl\u00ednica ACIC, presenta el libro C\u00f3mo Transformar la Investigaci\u00f3n cl\u00ednica en 3 pasos: Innovaci\u00f3n, calidad y gesti\u00f3n. Las historias detr\u00e1s de los centros de investigaci\u00f3n cl\u00ednica exitosos del pa\u00eds. Es una iniciativa editorial de ACIC, que logr\u00f3 reunir a quince autores, todos reconocidos m\u00e9dicos investigadores, epidemi\u00f3logos y otros profesionales del sector, quienes en 17 cap\u00edtulos y 5 entrevistas hacen un interesante recorrido por los hechos m\u00e1s relevantes que ha vivido la investigaci\u00f3n cl\u00ednica antes y despu\u00e9s de la reciente pandemia.\" \/>\n<meta property=\"og:url\" content=\"https:\/\/aciccolombia.org\/producto\/como-transformar-la-investigacion-clinica-en-3-pasos\/\" \/>\n<meta property=\"og:site_name\" content=\"ACIC\" \/>\n<meta property=\"article:modified_time\" content=\"2026-04-04T17:44:10+00:00\" \/>\n<meta property=\"og:image\" content=\"https:\/\/aciccolombia.org\/wp-content\/uploads\/2022\/07\/Portada-Libro-Acic-2.png\" \/>\n\t<meta property=\"og:image:width\" content=\"1274\" \/>\n\t<meta property=\"og:image:height\" content=\"1259\" \/>\n\t<meta property=\"og:image:type\" content=\"image\/png\" \/>\n<meta name=\"twitter:card\" content=\"summary_large_image\" \/>\n<meta name=\"twitter:label1\" content=\"Est. reading time\" \/>\n\t<meta name=\"twitter:data1\" content=\"2 minutes\" \/>\n<script type=\"application\/ld+json\" class=\"yoast-schema-graph\">{\"@context\":\"https:\\\/\\\/schema.org\",\"@graph\":[{\"@type\":\"WebPage\",\"@id\":\"https:\\\/\\\/aciccolombia.org\\\/producto\\\/como-transformar-la-investigacion-clinica-en-3-pasos\\\/\",\"url\":\"https:\\\/\\\/aciccolombia.org\\\/producto\\\/como-transformar-la-investigacion-clinica-en-3-pasos\\\/\",\"name\":\"LIBRO: C\u00f3mo Transformar la Investigaci\u00f3n cl\u00ednica en 3 pasos: Innovaci\u00f3n, calidad y gesti\u00f3n. Historias detr\u00e1s de los centros de investigaci\u00f3n cl\u00ednica exitosos - ACIC\",\"isPartOf\":{\"@id\":\"https:\\\/\\\/aciccolombia.org\\\/#website\"},\"primaryImageOfPage\":{\"@id\":\"https:\\\/\\\/aciccolombia.org\\\/producto\\\/como-transformar-la-investigacion-clinica-en-3-pasos\\\/#primaryimage\"},\"image\":{\"@id\":\"https:\\\/\\\/aciccolombia.org\\\/producto\\\/como-transformar-la-investigacion-clinica-en-3-pasos\\\/#primaryimage\"},\"thumbnailUrl\":\"https:\\\/\\\/aciccolombia.org\\\/wp-content\\\/uploads\\\/2022\\\/07\\\/Portada-Libro-Acic-2.png\",\"datePublished\":\"2022-07-01T04:24:12+00:00\",\"dateModified\":\"2026-04-04T17:44:10+00:00\",\"breadcrumb\":{\"@id\":\"https:\\\/\\\/aciccolombia.org\\\/producto\\\/como-transformar-la-investigacion-clinica-en-3-pasos\\\/#breadcrumb\"},\"inLanguage\":\"en-US\",\"potentialAction\":[{\"@type\":\"ReadAction\",\"target\":[\"https:\\\/\\\/aciccolombia.org\\\/producto\\\/como-transformar-la-investigacion-clinica-en-3-pasos\\\/\"]}]},{\"@type\":\"ImageObject\",\"inLanguage\":\"en-US\",\"@id\":\"https:\\\/\\\/aciccolombia.org\\\/producto\\\/como-transformar-la-investigacion-clinica-en-3-pasos\\\/#primaryimage\",\"url\":\"https:\\\/\\\/aciccolombia.org\\\/wp-content\\\/uploads\\\/2022\\\/07\\\/Portada-Libro-Acic-2.png\",\"contentUrl\":\"https:\\\/\\\/aciccolombia.org\\\/wp-content\\\/uploads\\\/2022\\\/07\\\/Portada-Libro-Acic-2.png\",\"width\":1274,\"height\":1259},{\"@type\":\"BreadcrumbList\",\"@id\":\"https:\\\/\\\/aciccolombia.org\\\/producto\\\/como-transformar-la-investigacion-clinica-en-3-pasos\\\/#breadcrumb\",\"itemListElement\":[{\"@type\":\"ListItem\",\"position\":1,\"name\":\"Inicio\",\"item\":\"https:\\\/\\\/aciccolombia.org\\\/home-10\\\/\"},{\"@type\":\"ListItem\",\"position\":2,\"name\":\"Shop\",\"item\":\"https:\\\/\\\/aciccolombia.org\\\/shop-2\\\/\"},{\"@type\":\"ListItem\",\"position\":3,\"name\":\"LIBRO: C\u00f3mo Transformar la Investigaci\u00f3n cl\u00ednica en 3 pasos: Innovaci\u00f3n, calidad y gesti\u00f3n. Historias detr\u00e1s de los centros de investigaci\u00f3n cl\u00ednica exitosos\"}]},{\"@type\":\"WebSite\",\"@id\":\"https:\\\/\\\/aciccolombia.org\\\/#website\",\"url\":\"https:\\\/\\\/aciccolombia.org\\\/\",\"name\":\"ACIC\",\"description\":\"\",\"publisher\":{\"@id\":\"https:\\\/\\\/aciccolombia.org\\\/#organization\"},\"potentialAction\":[{\"@type\":\"SearchAction\",\"target\":{\"@type\":\"EntryPoint\",\"urlTemplate\":\"https:\\\/\\\/aciccolombia.org\\\/?s={search_term_string}\"},\"query-input\":{\"@type\":\"PropertyValueSpecification\",\"valueRequired\":true,\"valueName\":\"search_term_string\"}}],\"inLanguage\":\"en-US\"},{\"@type\":\"Organization\",\"@id\":\"https:\\\/\\\/aciccolombia.org\\\/#organization\",\"name\":\"ACIC\",\"url\":\"https:\\\/\\\/aciccolombia.org\\\/\",\"logo\":{\"@type\":\"ImageObject\",\"inLanguage\":\"en-US\",\"@id\":\"https:\\\/\\\/aciccolombia.org\\\/#\\\/schema\\\/logo\\\/image\\\/\",\"url\":\"https:\\\/\\\/aciccolombia.org\\\/wp-content\\\/uploads\\\/2023\\\/03\\\/logo-acic.webp\",\"contentUrl\":\"https:\\\/\\\/aciccolombia.org\\\/wp-content\\\/uploads\\\/2023\\\/03\\\/logo-acic.webp\",\"width\":271,\"height\":121,\"caption\":\"ACIC\"},\"image\":{\"@id\":\"https:\\\/\\\/aciccolombia.org\\\/#\\\/schema\\\/logo\\\/image\\\/\"}}]}<\/script>\n<!-- \/ Yoast SEO plugin. -->","yoast_head_json":{"title":"LIBRO: C\u00f3mo Transformar la Investigaci\u00f3n cl\u00ednica en 3 pasos: Innovaci\u00f3n, calidad y gesti\u00f3n. Historias detr\u00e1s de los centros de investigaci\u00f3n cl\u00ednica exitosos - ACIC","robots":{"index":"index","follow":"follow","max-snippet":"max-snippet:-1","max-image-preview":"max-image-preview:large","max-video-preview":"max-video-preview:-1"},"canonical":"https:\/\/aciccolombia.org\/producto\/como-transformar-la-investigacion-clinica-en-3-pasos\/","og_locale":"en_US","og_type":"article","og_title":"LIBRO: C\u00f3mo Transformar la Investigaci\u00f3n cl\u00ednica en 3 pasos: Innovaci\u00f3n, calidad y gesti\u00f3n. Historias detr\u00e1s de los centros de investigaci\u00f3n cl\u00ednica exitosos - ACIC","og_description":"La Asociaci\u00f3n Colombiana de Centros de Investigaci\u00f3n Cl\u00ednica ACIC, presenta el libro C\u00f3mo Transformar la Investigaci\u00f3n cl\u00ednica en 3 pasos: Innovaci\u00f3n, calidad y gesti\u00f3n. Las historias detr\u00e1s de los centros de investigaci\u00f3n cl\u00ednica exitosos del pa\u00eds. Es una iniciativa editorial de ACIC, que logr\u00f3 reunir a quince autores, todos reconocidos m\u00e9dicos investigadores, epidemi\u00f3logos y otros profesionales del sector, quienes en 17 cap\u00edtulos y 5 entrevistas hacen un interesante recorrido por los hechos m\u00e1s relevantes que ha vivido la investigaci\u00f3n cl\u00ednica antes y despu\u00e9s de la reciente pandemia.","og_url":"https:\/\/aciccolombia.org\/producto\/como-transformar-la-investigacion-clinica-en-3-pasos\/","og_site_name":"ACIC","article_modified_time":"2026-04-04T17:44:10+00:00","og_image":[{"width":1274,"height":1259,"url":"https:\/\/aciccolombia.org\/wp-content\/uploads\/2022\/07\/Portada-Libro-Acic-2.png","type":"image\/png"}],"twitter_card":"summary_large_image","twitter_misc":{"Est. reading time":"2 minutes"},"schema":{"@context":"https:\/\/schema.org","@graph":[{"@type":"WebPage","@id":"https:\/\/aciccolombia.org\/producto\/como-transformar-la-investigacion-clinica-en-3-pasos\/","url":"https:\/\/aciccolombia.org\/producto\/como-transformar-la-investigacion-clinica-en-3-pasos\/","name":"LIBRO: C\u00f3mo Transformar la Investigaci\u00f3n cl\u00ednica en 3 pasos: Innovaci\u00f3n, calidad y gesti\u00f3n. Historias detr\u00e1s de los centros de investigaci\u00f3n cl\u00ednica exitosos - ACIC","isPartOf":{"@id":"https:\/\/aciccolombia.org\/#website"},"primaryImageOfPage":{"@id":"https:\/\/aciccolombia.org\/producto\/como-transformar-la-investigacion-clinica-en-3-pasos\/#primaryimage"},"image":{"@id":"https:\/\/aciccolombia.org\/producto\/como-transformar-la-investigacion-clinica-en-3-pasos\/#primaryimage"},"thumbnailUrl":"https:\/\/aciccolombia.org\/wp-content\/uploads\/2022\/07\/Portada-Libro-Acic-2.png","datePublished":"2022-07-01T04:24:12+00:00","dateModified":"2026-04-04T17:44:10+00:00","breadcrumb":{"@id":"https:\/\/aciccolombia.org\/producto\/como-transformar-la-investigacion-clinica-en-3-pasos\/#breadcrumb"},"inLanguage":"en-US","potentialAction":[{"@type":"ReadAction","target":["https:\/\/aciccolombia.org\/producto\/como-transformar-la-investigacion-clinica-en-3-pasos\/"]}]},{"@type":"ImageObject","inLanguage":"en-US","@id":"https:\/\/aciccolombia.org\/producto\/como-transformar-la-investigacion-clinica-en-3-pasos\/#primaryimage","url":"https:\/\/aciccolombia.org\/wp-content\/uploads\/2022\/07\/Portada-Libro-Acic-2.png","contentUrl":"https:\/\/aciccolombia.org\/wp-content\/uploads\/2022\/07\/Portada-Libro-Acic-2.png","width":1274,"height":1259},{"@type":"BreadcrumbList","@id":"https:\/\/aciccolombia.org\/producto\/como-transformar-la-investigacion-clinica-en-3-pasos\/#breadcrumb","itemListElement":[{"@type":"ListItem","position":1,"name":"Inicio","item":"https:\/\/aciccolombia.org\/home-10\/"},{"@type":"ListItem","position":2,"name":"Shop","item":"https:\/\/aciccolombia.org\/shop-2\/"},{"@type":"ListItem","position":3,"name":"LIBRO: C\u00f3mo Transformar la Investigaci\u00f3n cl\u00ednica en 3 pasos: Innovaci\u00f3n, calidad y gesti\u00f3n. Historias detr\u00e1s de los centros de investigaci\u00f3n cl\u00ednica exitosos"}]},{"@type":"WebSite","@id":"https:\/\/aciccolombia.org\/#website","url":"https:\/\/aciccolombia.org\/","name":"ACIC","description":"","publisher":{"@id":"https:\/\/aciccolombia.org\/#organization"},"potentialAction":[{"@type":"SearchAction","target":{"@type":"EntryPoint","urlTemplate":"https:\/\/aciccolombia.org\/?s={search_term_string}"},"query-input":{"@type":"PropertyValueSpecification","valueRequired":true,"valueName":"search_term_string"}}],"inLanguage":"en-US"},{"@type":"Organization","@id":"https:\/\/aciccolombia.org\/#organization","name":"ACIC","url":"https:\/\/aciccolombia.org\/","logo":{"@type":"ImageObject","inLanguage":"en-US","@id":"https:\/\/aciccolombia.org\/#\/schema\/logo\/image\/","url":"https:\/\/aciccolombia.org\/wp-content\/uploads\/2023\/03\/logo-acic.webp","contentUrl":"https:\/\/aciccolombia.org\/wp-content\/uploads\/2023\/03\/logo-acic.webp","width":271,"height":121,"caption":"ACIC"},"image":{"@id":"https:\/\/aciccolombia.org\/#\/schema\/logo\/image\/"}}]}},"_links":{"self":[{"href":"https:\/\/aciccolombia.org\/en\/wp-json\/wp\/v2\/product\/16448","targetHints":{"allow":["GET"]}}],"collection":[{"href":"https:\/\/aciccolombia.org\/en\/wp-json\/wp\/v2\/product"}],"about":[{"href":"https:\/\/aciccolombia.org\/en\/wp-json\/wp\/v2\/types\/product"}],"replies":[{"embeddable":true,"href":"https:\/\/aciccolombia.org\/en\/wp-json\/wp\/v2\/comments?post=16448"}],"version-history":[{"count":4,"href":"https:\/\/aciccolombia.org\/en\/wp-json\/wp\/v2\/product\/16448\/revisions"}],"predecessor-version":[{"id":20127,"href":"https:\/\/aciccolombia.org\/en\/wp-json\/wp\/v2\/product\/16448\/revisions\/20127"}],"wp:featuredmedia":[{"embeddable":true,"href":"https:\/\/aciccolombia.org\/en\/wp-json\/wp\/v2\/media\/19162"}],"wp:attachment":[{"href":"https:\/\/aciccolombia.org\/en\/wp-json\/wp\/v2\/media?parent=16448"}],"wp:term":[{"taxonomy":"product_brand","embeddable":true,"href":"https:\/\/aciccolombia.org\/en\/wp-json\/wp\/v2\/product_brand?post=16448"},{"taxonomy":"product_cat","embeddable":true,"href":"https:\/\/aciccolombia.org\/en\/wp-json\/wp\/v2\/product_cat?post=16448"},{"taxonomy":"product_tag","embeddable":true,"href":"https:\/\/aciccolombia.org\/en\/wp-json\/wp\/v2\/product_tag?post=16448"}],"curies":[{"name":"wp","href":"https:\/\/api.w.org\/{rel}","templated":true}]}}