{"id":24456,"date":"2020-04-20T20:21:01","date_gmt":"2020-04-21T01:21:01","guid":{"rendered":"https:\/\/aciccolombia.org\/acic-events\/"},"modified":"2023-12-18T20:07:10","modified_gmt":"2023-12-19T01:07:10","slug":"events","status":"publish","type":"page","link":"https:\/\/aciccolombia.org\/en\/events\/","title":{"rendered":"Events"},"content":{"rendered":"\t\t<div data-elementor-type=\"wp-page\" data-elementor-id=\"24456\" class=\"elementor elementor-24456 elementor-2339\" data-elementor-settings=\"{&quot;ha_cmc_init_switcher&quot;:&quot;no&quot;}\" data-elementor-post-type=\"page\">\n\t\t\t\t<div data-particle_enable=\"false\" data-particle-mobile-disabled=\"false\" class=\"elementor-element elementor-element-c449ad2 e-con-full e-flex e-con e-parent\" data-id=\"c449ad2\" data-element_type=\"container\" data-e-type=\"container\" data-settings=\"{&quot;background_background&quot;:&quot;classic&quot;,&quot;jet_parallax_layout_list&quot;:[],&quot;_ha_eqh_enable&quot;:false}\">\n\t\t<div data-particle_enable=\"false\" data-particle-mobile-disabled=\"false\" class=\"elementor-element elementor-element-582db02 e-flex e-con-boxed e-con e-child\" data-id=\"582db02\" data-element_type=\"container\" data-e-type=\"container\" data-settings=\"{&quot;jet_parallax_layout_list&quot;:[],&quot;_ha_eqh_enable&quot;:false}\">\n\t\t\t\t\t<div class=\"e-con-inner\">\n\t\t<div data-particle_enable=\"false\" data-particle-mobile-disabled=\"false\" class=\"elementor-element elementor-element-3b936d4 e-con-full e-flex e-con e-child\" data-id=\"3b936d4\" data-element_type=\"container\" data-e-type=\"container\" data-settings=\"{&quot;jet_parallax_layout_list&quot;:[],&quot;_ha_eqh_enable&quot;:false}\">\n\t\t\t\t<div class=\"elementor-element elementor-element-845cc9c elementor-widget elementor-widget-heading\" data-id=\"845cc9c\" data-element_type=\"widget\" data-e-type=\"widget\" data-widget_type=\"heading.default\">\n\t\t\t\t<div class=\"elementor-widget-container\">\n\t\t\t\t\t<h2 class=\"elementor-heading-title elementor-size-default\">Events<\/h2>\t\t\t\t<\/div>\n\t\t\t\t<\/div>\n\t\t\t\t<\/div>\n\t\t\t\t\t<\/div>\n\t\t\t\t<\/div>\n\t\t\t\t<\/div>\n\t\t<div data-particle_enable=\"false\" data-particle-mobile-disabled=\"false\" class=\"elementor-element elementor-element-cdcdd2e e-flex e-con-boxed e-con e-parent\" data-id=\"cdcdd2e\" data-element_type=\"container\" data-e-type=\"container\" data-settings=\"{&quot;jet_parallax_layout_list&quot;:[],&quot;_ha_eqh_enable&quot;:false}\">\n\t\t\t\t\t<div class=\"e-con-inner\">\n\t\t\t\t<div class=\"elementor-element elementor-element-8e4f01b ha-pg-grid-3 ha-pg-grid-tablet-2 ha-pg-grid-mobile-1 elementor-widget elementor-widget-ha-post-grid-new happy-addon ha-post-grid-new happy-addon-pro\" data-id=\"8e4f01b\" data-element_type=\"widget\" data-e-type=\"widget\" data-settings=\"{&quot;columns&quot;:&quot;3&quot;,&quot;columns_tablet&quot;:&quot;2&quot;,&quot;columns_mobile&quot;:&quot;1&quot;}\" data-widget_type=\"ha-post-grid-new.default\">\n\t\t\t\t<div class=\"elementor-widget-container\">\n\t\t\t\t\t\t\t\t\t\t\t\t\t<\/div>\n\t\t\t\t<\/div>\n\t\t\t\t\t<\/div>\n\t\t\t\t<\/div>\n\t\t<div data-particle_enable=\"false\" data-particle-mobile-disabled=\"false\" class=\"elementor-element elementor-element-5a85877 e-flex e-con-boxed e-con e-parent\" data-id=\"5a85877\" data-element_type=\"container\" data-e-type=\"container\" data-settings=\"{&quot;jet_parallax_layout_list&quot;:[],&quot;_ha_eqh_enable&quot;:false}\">\n\t\t\t\t\t<div class=\"e-con-inner\">\n\t\t\t\t<div class=\"elementor-element elementor-element-bf5a055 ha-pg-grid-3 ha-pg-grid-tablet-2 ha-pg-grid-mobile-1 elementor-widget elementor-widget-ha-post-grid-new happy-addon ha-post-grid-new happy-addon-pro\" data-id=\"bf5a055\" data-element_type=\"widget\" data-e-type=\"widget\" data-settings=\"{&quot;columns&quot;:&quot;3&quot;,&quot;columns_tablet&quot;:&quot;2&quot;,&quot;columns_mobile&quot;:&quot;1&quot;}\" data-widget_type=\"ha-post-grid-new.default\">\n\t\t\t\t<div class=\"elementor-widget-container\">\n\t\t\t\t\t\t\t\t\t\t\t\t\t<\/div>\n\t\t\t\t<\/div>\n\t\t\t\t\t<\/div>\n\t\t\t\t<\/div>\n\t\t\t\t<\/div>\n\t\t","protected":false},"excerpt":{"rendered":"<p>Events Next Events Previous Events Eventos Anteriores Webinar Asentimiento y Consentimiento Informado Asentimiento, Consentimiento Informado y La parte Regulatoria relacionada a Consentimiento Informado. VER M\u00c1S \u00bb Eventos Anteriores Webinar Comit\u00e9s de \u00c9tica De la \u00c9tica a la Publicaci\u00f3n: El Poder de los Indicadores del Comit\u00e9 de \u00c9tica &#8211; Importancia de los Comit\u00e9s de \u00c9tica en &#8230; <a title=\"Events\" class=\"read-more\" href=\"https:\/\/aciccolombia.org\/en\/events\/\" aria-label=\"Read more about Events\">Read more<\/a><\/p>\n","protected":false},"author":1,"featured_media":0,"parent":0,"menu_order":0,"comment_status":"closed","ping_status":"closed","template":"","meta":{"_coblocks_attr":"","_coblocks_dimensions":"","_coblocks_responsive_height":"","_coblocks_accordion_ie_support":"","rs_blank_template":"","rs_page_bg_color":"","slide_template_v7":"","footnotes":""},"class_list":["post-24456","page","type-page","status-publish"],"yoast_head":"<!-- This site is optimized with the Yoast SEO plugin v27.4 - https:\/\/yoast.com\/product\/yoast-seo-wordpress\/ -->\n<title>Events - ACIC<\/title>\n<meta name=\"robots\" content=\"index, follow, max-snippet:-1, max-image-preview:large, max-video-preview:-1\" \/>\n<link rel=\"canonical\" href=\"https:\/\/aciccolombia.org\/events\/\" \/>\n<meta property=\"og:locale\" content=\"en_US\" \/>\n<meta property=\"og:type\" content=\"article\" \/>\n<meta property=\"og:title\" content=\"Events - ACIC\" \/>\n<meta property=\"og:description\" content=\"Events Next Events Previous Events Eventos Anteriores Webinar Asentimiento y Consentimiento Informado Asentimiento, Consentimiento Informado y La parte Regulatoria relacionada a Consentimiento Informado. VER M\u00c1S \u00bb Eventos Anteriores Webinar Comit\u00e9s de \u00c9tica De la \u00c9tica a la Publicaci\u00f3n: El Poder de los Indicadores del Comit\u00e9 de \u00c9tica &#8211; Importancia de los Comit\u00e9s de \u00c9tica en ... Read more\" \/>\n<meta property=\"og:url\" content=\"https:\/\/aciccolombia.org\/events\/\" \/>\n<meta property=\"og:site_name\" content=\"ACIC\" \/>\n<meta property=\"article:modified_time\" content=\"2023-12-19T01:07:10+00:00\" \/>\n<meta property=\"og:image\" content=\"https:\/\/aciccolombia.org\/wp-content\/uploads\/2023\/11\/BANNER-EMAIL-1024x604.jpg\" \/>\n<meta name=\"twitter:card\" content=\"summary_large_image\" \/>\n<meta name=\"twitter:label1\" content=\"Est. reading time\" \/>\n\t<meta name=\"twitter:data1\" content=\"1 minute\" \/>\n<script type=\"application\/ld+json\" class=\"yoast-schema-graph\">{\"@context\":\"https:\\\/\\\/schema.org\",\"@graph\":[{\"@type\":\"WebPage\",\"@id\":\"https:\\\/\\\/aciccolombia.org\\\/events\\\/\",\"url\":\"https:\\\/\\\/aciccolombia.org\\\/events\\\/\",\"name\":\"Events - ACIC\",\"isPartOf\":{\"@id\":\"https:\\\/\\\/aciccolombia.org\\\/#website\"},\"primaryImageOfPage\":{\"@id\":\"https:\\\/\\\/aciccolombia.org\\\/events\\\/#primaryimage\"},\"image\":{\"@id\":\"https:\\\/\\\/aciccolombia.org\\\/events\\\/#primaryimage\"},\"thumbnailUrl\":\"https:\\\/\\\/aciccolombia.org\\\/wp-content\\\/uploads\\\/2023\\\/11\\\/BANNER-EMAIL-1024x604.jpg\",\"datePublished\":\"2020-04-21T01:21:01+00:00\",\"dateModified\":\"2023-12-19T01:07:10+00:00\",\"breadcrumb\":{\"@id\":\"https:\\\/\\\/aciccolombia.org\\\/events\\\/#breadcrumb\"},\"inLanguage\":\"en-US\",\"potentialAction\":[{\"@type\":\"ReadAction\",\"target\":[\"https:\\\/\\\/aciccolombia.org\\\/events\\\/\"]}]},{\"@type\":\"ImageObject\",\"inLanguage\":\"en-US\",\"@id\":\"https:\\\/\\\/aciccolombia.org\\\/events\\\/#primaryimage\",\"url\":\"https:\\\/\\\/aciccolombia.org\\\/wp-content\\\/uploads\\\/2023\\\/11\\\/BANNER-EMAIL-1024x604.jpg\",\"contentUrl\":\"https:\\\/\\\/aciccolombia.org\\\/wp-content\\\/uploads\\\/2023\\\/11\\\/BANNER-EMAIL-1024x604.jpg\"},{\"@type\":\"BreadcrumbList\",\"@id\":\"https:\\\/\\\/aciccolombia.org\\\/events\\\/#breadcrumb\",\"itemListElement\":[{\"@type\":\"ListItem\",\"position\":1,\"name\":\"Inicio\",\"item\":\"https:\\\/\\\/aciccolombia.org\\\/home-10\\\/\"},{\"@type\":\"ListItem\",\"position\":2,\"name\":\"Events\"}]},{\"@type\":\"WebSite\",\"@id\":\"https:\\\/\\\/aciccolombia.org\\\/#website\",\"url\":\"https:\\\/\\\/aciccolombia.org\\\/\",\"name\":\"ACIC\",\"description\":\"\",\"publisher\":{\"@id\":\"https:\\\/\\\/aciccolombia.org\\\/#organization\"},\"potentialAction\":[{\"@type\":\"SearchAction\",\"target\":{\"@type\":\"EntryPoint\",\"urlTemplate\":\"https:\\\/\\\/aciccolombia.org\\\/?s={search_term_string}\"},\"query-input\":{\"@type\":\"PropertyValueSpecification\",\"valueRequired\":true,\"valueName\":\"search_term_string\"}}],\"inLanguage\":\"en-US\"},{\"@type\":\"Organization\",\"@id\":\"https:\\\/\\\/aciccolombia.org\\\/#organization\",\"name\":\"ACIC\",\"url\":\"https:\\\/\\\/aciccolombia.org\\\/\",\"logo\":{\"@type\":\"ImageObject\",\"inLanguage\":\"en-US\",\"@id\":\"https:\\\/\\\/aciccolombia.org\\\/#\\\/schema\\\/logo\\\/image\\\/\",\"url\":\"https:\\\/\\\/aciccolombia.org\\\/wp-content\\\/uploads\\\/2023\\\/03\\\/logo-acic.webp\",\"contentUrl\":\"https:\\\/\\\/aciccolombia.org\\\/wp-content\\\/uploads\\\/2023\\\/03\\\/logo-acic.webp\",\"width\":271,\"height\":121,\"caption\":\"ACIC\"},\"image\":{\"@id\":\"https:\\\/\\\/aciccolombia.org\\\/#\\\/schema\\\/logo\\\/image\\\/\"}}]}<\/script>\n<!-- \/ Yoast SEO plugin. -->","yoast_head_json":{"title":"Events - ACIC","robots":{"index":"index","follow":"follow","max-snippet":"max-snippet:-1","max-image-preview":"max-image-preview:large","max-video-preview":"max-video-preview:-1"},"canonical":"https:\/\/aciccolombia.org\/events\/","og_locale":"en_US","og_type":"article","og_title":"Events - ACIC","og_description":"Events Next Events Previous Events Eventos Anteriores Webinar Asentimiento y Consentimiento Informado Asentimiento, Consentimiento Informado y La parte Regulatoria relacionada a Consentimiento Informado. VER M\u00c1S \u00bb Eventos Anteriores Webinar Comit\u00e9s de \u00c9tica De la \u00c9tica a la Publicaci\u00f3n: El Poder de los Indicadores del Comit\u00e9 de \u00c9tica &#8211; Importancia de los Comit\u00e9s de \u00c9tica en ... Read more","og_url":"https:\/\/aciccolombia.org\/events\/","og_site_name":"ACIC","article_modified_time":"2023-12-19T01:07:10+00:00","og_image":[{"url":"https:\/\/aciccolombia.org\/wp-content\/uploads\/2023\/11\/BANNER-EMAIL-1024x604.jpg","type":"","width":"","height":""}],"twitter_card":"summary_large_image","twitter_misc":{"Est. reading time":"1 minute"},"schema":{"@context":"https:\/\/schema.org","@graph":[{"@type":"WebPage","@id":"https:\/\/aciccolombia.org\/events\/","url":"https:\/\/aciccolombia.org\/events\/","name":"Events - ACIC","isPartOf":{"@id":"https:\/\/aciccolombia.org\/#website"},"primaryImageOfPage":{"@id":"https:\/\/aciccolombia.org\/events\/#primaryimage"},"image":{"@id":"https:\/\/aciccolombia.org\/events\/#primaryimage"},"thumbnailUrl":"https:\/\/aciccolombia.org\/wp-content\/uploads\/2023\/11\/BANNER-EMAIL-1024x604.jpg","datePublished":"2020-04-21T01:21:01+00:00","dateModified":"2023-12-19T01:07:10+00:00","breadcrumb":{"@id":"https:\/\/aciccolombia.org\/events\/#breadcrumb"},"inLanguage":"en-US","potentialAction":[{"@type":"ReadAction","target":["https:\/\/aciccolombia.org\/events\/"]}]},{"@type":"ImageObject","inLanguage":"en-US","@id":"https:\/\/aciccolombia.org\/events\/#primaryimage","url":"https:\/\/aciccolombia.org\/wp-content\/uploads\/2023\/11\/BANNER-EMAIL-1024x604.jpg","contentUrl":"https:\/\/aciccolombia.org\/wp-content\/uploads\/2023\/11\/BANNER-EMAIL-1024x604.jpg"},{"@type":"BreadcrumbList","@id":"https:\/\/aciccolombia.org\/events\/#breadcrumb","itemListElement":[{"@type":"ListItem","position":1,"name":"Inicio","item":"https:\/\/aciccolombia.org\/home-10\/"},{"@type":"ListItem","position":2,"name":"Events"}]},{"@type":"WebSite","@id":"https:\/\/aciccolombia.org\/#website","url":"https:\/\/aciccolombia.org\/","name":"ACIC","description":"","publisher":{"@id":"https:\/\/aciccolombia.org\/#organization"},"potentialAction":[{"@type":"SearchAction","target":{"@type":"EntryPoint","urlTemplate":"https:\/\/aciccolombia.org\/?s={search_term_string}"},"query-input":{"@type":"PropertyValueSpecification","valueRequired":true,"valueName":"search_term_string"}}],"inLanguage":"en-US"},{"@type":"Organization","@id":"https:\/\/aciccolombia.org\/#organization","name":"ACIC","url":"https:\/\/aciccolombia.org\/","logo":{"@type":"ImageObject","inLanguage":"en-US","@id":"https:\/\/aciccolombia.org\/#\/schema\/logo\/image\/","url":"https:\/\/aciccolombia.org\/wp-content\/uploads\/2023\/03\/logo-acic.webp","contentUrl":"https:\/\/aciccolombia.org\/wp-content\/uploads\/2023\/03\/logo-acic.webp","width":271,"height":121,"caption":"ACIC"},"image":{"@id":"https:\/\/aciccolombia.org\/#\/schema\/logo\/image\/"}}]}},"_links":{"self":[{"href":"https:\/\/aciccolombia.org\/en\/wp-json\/wp\/v2\/pages\/24456","targetHints":{"allow":["GET"]}}],"collection":[{"href":"https:\/\/aciccolombia.org\/en\/wp-json\/wp\/v2\/pages"}],"about":[{"href":"https:\/\/aciccolombia.org\/en\/wp-json\/wp\/v2\/types\/page"}],"author":[{"embeddable":true,"href":"https:\/\/aciccolombia.org\/en\/wp-json\/wp\/v2\/users\/1"}],"replies":[{"embeddable":true,"href":"https:\/\/aciccolombia.org\/en\/wp-json\/wp\/v2\/comments?post=24456"}],"version-history":[{"count":2,"href":"https:\/\/aciccolombia.org\/en\/wp-json\/wp\/v2\/pages\/24456\/revisions"}],"predecessor-version":[{"id":24495,"href":"https:\/\/aciccolombia.org\/en\/wp-json\/wp\/v2\/pages\/24456\/revisions\/24495"}],"wp:attachment":[{"href":"https:\/\/aciccolombia.org\/en\/wp-json\/wp\/v2\/media?parent=24456"}],"curies":[{"name":"wp","href":"https:\/\/api.w.org\/{rel}","templated":true}]}}