{"id":23852,"date":"2023-02-13T18:59:12","date_gmt":"2023-02-13T23:59:12","guid":{"rendered":"https:\/\/aciccolombia.org\/cart-2\/"},"modified":"2023-12-18T11:51:28","modified_gmt":"2023-12-18T16:51:28","slug":"cart-2","status":"publish","type":"page","link":"https:\/\/aciccolombia.org\/en\/cart-2\/","title":{"rendered":"Cart"},"content":{"rendered":"\t\t<div data-elementor-type=\"wp-page\" data-elementor-id=\"23852\" class=\"elementor elementor-23852 elementor-10\" data-elementor-settings=\"{&quot;ha_cmc_init_switcher&quot;:&quot;no&quot;}\" data-elementor-post-type=\"page\">\n\t\t\t\t\t\t<section data-particle_enable=\"false\" data-particle-mobile-disabled=\"false\" class=\"elementor-section elementor-top-section elementor-element elementor-element-22218535 elementor-section-full_width elementor-section-height-min-height elementor-section-content-bottom elementor-section-stretched elementor-section-height-default elementor-section-items-middle\" data-id=\"22218535\" data-element_type=\"section\" data-e-type=\"section\" data-settings=\"{&quot;stretch_section&quot;:&quot;section-stretched&quot;,&quot;background_background&quot;:&quot;classic&quot;,&quot;shape_divider_bottom&quot;:&quot;opacity-tilt&quot;,&quot;jet_parallax_layout_list&quot;:[],&quot;_ha_eqh_enable&quot;:false}\">\n\t\t\t\t\t\t\t<div class=\"elementor-background-overlay\"><\/div>\n\t\t\t\t\t\t<div class=\"elementor-shape elementor-shape-bottom\" aria-hidden=\"true\" data-negative=\"false\">\n\t\t\t<svg xmlns=\"http:\/\/www.w3.org\/2000\/svg\" viewBox=\"0 0 2600 131.1\" preserveAspectRatio=\"none\">\n\t<path class=\"elementor-shape-fill\" d=\"M0 0L2600 0 2600 69.1 0 0z\"\/>\n\t<path class=\"elementor-shape-fill\" style=\"opacity:0.5\" d=\"M0 0L2600 0 2600 69.1 0 69.1z\"\/>\n\t<path class=\"elementor-shape-fill\" style=\"opacity:0.25\" d=\"M2600 0L0 0 0 130.1 2600 69.1z\"\/>\n<\/svg>\t\t<\/div>\n\t\t\t\t\t<div class=\"elementor-container elementor-column-gap-no\">\n\t\t\t\t\t<div class=\"elementor-column elementor-col-100 elementor-top-column elementor-element elementor-element-523bf3b7\" data-id=\"523bf3b7\" data-element_type=\"column\" data-e-type=\"column\">\n\t\t\t<div class=\"elementor-widget-wrap elementor-element-populated\">\n\t\t\t\t\t\t<section data-particle_enable=\"false\" data-particle-mobile-disabled=\"false\" class=\"elementor-section elementor-inner-section elementor-element elementor-element-3572a9bc elementor-section-boxed elementor-section-height-default elementor-section-height-default\" data-id=\"3572a9bc\" data-element_type=\"section\" data-e-type=\"section\" data-settings=\"{&quot;jet_parallax_layout_list&quot;:[],&quot;_ha_eqh_enable&quot;:false}\">\n\t\t\t\t\t\t<div class=\"elementor-container elementor-column-gap-default\">\n\t\t\t\t\t<div class=\"elementor-column elementor-col-100 elementor-inner-column elementor-element elementor-element-2296617\" data-id=\"2296617\" data-element_type=\"column\" data-e-type=\"column\">\n\t\t\t<div class=\"elementor-widget-wrap elementor-element-populated\">\n\t\t\t\t\t\t<div class=\"elementor-element elementor-element-72eb01b7 elementor-widget elementor-widget-heading\" data-id=\"72eb01b7\" data-element_type=\"widget\" data-e-type=\"widget\" data-widget_type=\"heading.default\">\n\t\t\t\t<div class=\"elementor-widget-container\">\n\t\t\t\t\t<h2 class=\"elementor-heading-title elementor-size-default\">Carrito de compras<\/h2>\t\t\t\t<\/div>\n\t\t\t\t<\/div>\n\t\t\t\t\t<\/div>\n\t\t<\/div>\n\t\t\t\t\t<\/div>\n\t\t<\/section>\n\t\t\t\t\t<\/div>\n\t\t<\/div>\n\t\t\t\t\t<\/div>\n\t\t<\/section>\n\t\t\t\t<section data-particle_enable=\"false\" data-particle-mobile-disabled=\"false\" class=\"elementor-section elementor-top-section elementor-element elementor-element-d3f86bd elementor-section-boxed elementor-section-height-default elementor-section-height-default\" data-id=\"d3f86bd\" data-element_type=\"section\" data-e-type=\"section\" data-settings=\"{&quot;jet_parallax_layout_list&quot;:[],&quot;_ha_eqh_enable&quot;:false}\">\n\t\t\t\t\t\t<div class=\"elementor-container elementor-column-gap-default\">\n\t\t\t\t\t<div class=\"elementor-column elementor-col-100 elementor-top-column elementor-element elementor-element-1b24f24\" data-id=\"1b24f24\" data-element_type=\"column\" data-e-type=\"column\">\n\t\t\t<div class=\"elementor-widget-wrap elementor-element-populated\">\n\t\t\t\t\t\t\t<\/div>\n\t\t<\/div>\n\t\t\t\t\t<\/div>\n\t\t<\/section>\n\t\t\t\t<section data-particle_enable=\"false\" data-particle-mobile-disabled=\"false\" class=\"elementor-section elementor-top-section elementor-element elementor-element-588633e elementor-section-boxed elementor-section-height-default elementor-section-height-default\" data-id=\"588633e\" data-element_type=\"section\" data-e-type=\"section\" data-settings=\"{&quot;jet_parallax_layout_list&quot;:[],&quot;_ha_eqh_enable&quot;:false}\">\n\t\t\t\t\t\t<div class=\"elementor-container elementor-column-gap-default\">\n\t\t\t\t\t<div class=\"elementor-column elementor-col-100 elementor-top-column elementor-element elementor-element-14adcb3\" data-id=\"14adcb3\" data-element_type=\"column\" data-e-type=\"column\">\n\t\t\t<div class=\"elementor-widget-wrap\">\n\t\t\t\t\t\t\t<\/div>\n\t\t<\/div>\n\t\t\t\t\t<\/div>\n\t\t<\/section>\n\t\t\t\t<\/div>\n\t\t","protected":false},"excerpt":{"rendered":"<p>Carrito de compras Eliminar art\u00edculo Thumbnail image Producto Precio Cantidad Subtotal &times; LIBRO: C\u00f3mo Transformar la Investigaci\u00f3n cl\u00ednica en 3 pasos: Innovaci\u00f3n, calidad y gesti\u00f3n. Historias detr\u00e1s de los centros de investigaci\u00f3n cl\u00ednica exitosos &#36;&nbsp;70.000 LIBRO: C\u00f3mo Transformar la Investigaci\u00f3n cl\u00ednica en 3 pasos: Innovaci\u00f3n, calidad y gesti\u00f3n. Historias detr\u00e1s de los centros de investigaci\u00f3n &#8230; <a title=\"Cart\" class=\"read-more\" href=\"https:\/\/aciccolombia.org\/en\/cart-2\/\" aria-label=\"Read more about Cart\">Read more<\/a><\/p>\n","protected":false},"author":1,"featured_media":0,"parent":0,"menu_order":0,"comment_status":"closed","ping_status":"closed","template":"","meta":{"_coblocks_attr":"","_coblocks_dimensions":"","_coblocks_responsive_height":"","_coblocks_accordion_ie_support":"","rs_blank_template":"","rs_page_bg_color":"","slide_template_v7":"","footnotes":""},"class_list":["post-23852","page","type-page","status-publish"],"yoast_head":"<!-- This site is optimized with the Yoast SEO plugin v27.6 - https:\/\/yoast.com\/product\/yoast-seo-wordpress\/ -->\n<title>Cart - ACIC<\/title>\n<meta name=\"robots\" content=\"index, follow, max-snippet:-1, max-image-preview:large, max-video-preview:-1\" \/>\n<link rel=\"canonical\" href=\"https:\/\/aciccolombia.org\/cart-2\/\" \/>\n<meta property=\"og:locale\" content=\"en_US\" \/>\n<meta property=\"og:type\" content=\"article\" \/>\n<meta property=\"og:title\" content=\"Cart - ACIC\" \/>\n<meta property=\"og:description\" content=\"Carrito de compras Eliminar art\u00edculo Thumbnail image Producto Precio Cantidad Subtotal &times; LIBRO: C\u00f3mo Transformar la Investigaci\u00f3n cl\u00ednica en 3 pasos: Innovaci\u00f3n, calidad y gesti\u00f3n. Historias detr\u00e1s de los centros de investigaci\u00f3n cl\u00ednica exitosos &#036;&nbsp;70.000 LIBRO: C\u00f3mo Transformar la Investigaci\u00f3n cl\u00ednica en 3 pasos: Innovaci\u00f3n, calidad y gesti\u00f3n. Historias detr\u00e1s de los centros de investigaci\u00f3n ... Read more\" \/>\n<meta property=\"og:url\" content=\"https:\/\/aciccolombia.org\/cart-2\/\" \/>\n<meta property=\"og:site_name\" content=\"ACIC\" \/>\n<meta property=\"article:modified_time\" content=\"2023-12-18T16:51:28+00:00\" \/>\n<meta property=\"og:image\" content=\"https:\/\/aciccolombia.org\/wp-content\/uploads\/2022\/07\/Portada-Libro-Acic-2-300x300.png\" \/>\n<meta name=\"twitter:card\" content=\"summary_large_image\" \/>\n<script type=\"application\/ld+json\" class=\"yoast-schema-graph\">{\"@context\":\"https:\\\/\\\/schema.org\",\"@graph\":[{\"@type\":\"WebPage\",\"@id\":\"https:\\\/\\\/aciccolombia.org\\\/cart-2\\\/\",\"url\":\"https:\\\/\\\/aciccolombia.org\\\/cart-2\\\/\",\"name\":\"Cart - ACIC\",\"isPartOf\":{\"@id\":\"https:\\\/\\\/aciccolombia.org\\\/#website\"},\"primaryImageOfPage\":{\"@id\":\"https:\\\/\\\/aciccolombia.org\\\/cart-2\\\/#primaryimage\"},\"image\":{\"@id\":\"https:\\\/\\\/aciccolombia.org\\\/cart-2\\\/#primaryimage\"},\"thumbnailUrl\":\"https:\\\/\\\/aciccolombia.org\\\/wp-content\\\/uploads\\\/2022\\\/07\\\/Portada-Libro-Acic-2-300x300.png\",\"datePublished\":\"2023-02-13T23:59:12+00:00\",\"dateModified\":\"2023-12-18T16:51:28+00:00\",\"breadcrumb\":{\"@id\":\"https:\\\/\\\/aciccolombia.org\\\/cart-2\\\/#breadcrumb\"},\"inLanguage\":\"en-US\",\"potentialAction\":[{\"@type\":\"ReadAction\",\"target\":[\"https:\\\/\\\/aciccolombia.org\\\/cart-2\\\/\"]}]},{\"@type\":\"ImageObject\",\"inLanguage\":\"en-US\",\"@id\":\"https:\\\/\\\/aciccolombia.org\\\/cart-2\\\/#primaryimage\",\"url\":\"https:\\\/\\\/aciccolombia.org\\\/wp-content\\\/uploads\\\/2022\\\/07\\\/Portada-Libro-Acic-2-300x300.png\",\"contentUrl\":\"https:\\\/\\\/aciccolombia.org\\\/wp-content\\\/uploads\\\/2022\\\/07\\\/Portada-Libro-Acic-2-300x300.png\"},{\"@type\":\"BreadcrumbList\",\"@id\":\"https:\\\/\\\/aciccolombia.org\\\/cart-2\\\/#breadcrumb\",\"itemListElement\":[{\"@type\":\"ListItem\",\"position\":1,\"name\":\"Inicio\",\"item\":\"https:\\\/\\\/aciccolombia.org\\\/home-10\\\/\"},{\"@type\":\"ListItem\",\"position\":2,\"name\":\"Cart\"}]},{\"@type\":\"WebSite\",\"@id\":\"https:\\\/\\\/aciccolombia.org\\\/#website\",\"url\":\"https:\\\/\\\/aciccolombia.org\\\/\",\"name\":\"ACIC\",\"description\":\"\",\"publisher\":{\"@id\":\"https:\\\/\\\/aciccolombia.org\\\/#organization\"},\"potentialAction\":[{\"@type\":\"SearchAction\",\"target\":{\"@type\":\"EntryPoint\",\"urlTemplate\":\"https:\\\/\\\/aciccolombia.org\\\/?s={search_term_string}\"},\"query-input\":{\"@type\":\"PropertyValueSpecification\",\"valueRequired\":true,\"valueName\":\"search_term_string\"}}],\"inLanguage\":\"en-US\"},{\"@type\":\"Organization\",\"@id\":\"https:\\\/\\\/aciccolombia.org\\\/#organization\",\"name\":\"ACIC\",\"url\":\"https:\\\/\\\/aciccolombia.org\\\/\",\"logo\":{\"@type\":\"ImageObject\",\"inLanguage\":\"en-US\",\"@id\":\"https:\\\/\\\/aciccolombia.org\\\/#\\\/schema\\\/logo\\\/image\\\/\",\"url\":\"https:\\\/\\\/aciccolombia.org\\\/wp-content\\\/uploads\\\/2023\\\/03\\\/logo-acic.webp\",\"contentUrl\":\"https:\\\/\\\/aciccolombia.org\\\/wp-content\\\/uploads\\\/2023\\\/03\\\/logo-acic.webp\",\"width\":271,\"height\":121,\"caption\":\"ACIC\"},\"image\":{\"@id\":\"https:\\\/\\\/aciccolombia.org\\\/#\\\/schema\\\/logo\\\/image\\\/\"}}]}<\/script>\n<!-- \/ Yoast SEO plugin. -->","yoast_head_json":{"title":"Cart - ACIC","robots":{"index":"index","follow":"follow","max-snippet":"max-snippet:-1","max-image-preview":"max-image-preview:large","max-video-preview":"max-video-preview:-1"},"canonical":"https:\/\/aciccolombia.org\/cart-2\/","og_locale":"en_US","og_type":"article","og_title":"Cart - ACIC","og_description":"Carrito de compras Eliminar art\u00edculo Thumbnail image Producto Precio Cantidad Subtotal &times; LIBRO: C\u00f3mo Transformar la Investigaci\u00f3n cl\u00ednica en 3 pasos: Innovaci\u00f3n, calidad y gesti\u00f3n. Historias detr\u00e1s de los centros de investigaci\u00f3n cl\u00ednica exitosos &#36;&nbsp;70.000 LIBRO: C\u00f3mo Transformar la Investigaci\u00f3n cl\u00ednica en 3 pasos: Innovaci\u00f3n, calidad y gesti\u00f3n. Historias detr\u00e1s de los centros de investigaci\u00f3n ... Read more","og_url":"https:\/\/aciccolombia.org\/cart-2\/","og_site_name":"ACIC","article_modified_time":"2023-12-18T16:51:28+00:00","og_image":[{"url":"https:\/\/aciccolombia.org\/wp-content\/uploads\/2022\/07\/Portada-Libro-Acic-2-300x300.png","type":"","width":"","height":""}],"twitter_card":"summary_large_image","schema":{"@context":"https:\/\/schema.org","@graph":[{"@type":"WebPage","@id":"https:\/\/aciccolombia.org\/cart-2\/","url":"https:\/\/aciccolombia.org\/cart-2\/","name":"Cart - ACIC","isPartOf":{"@id":"https:\/\/aciccolombia.org\/#website"},"primaryImageOfPage":{"@id":"https:\/\/aciccolombia.org\/cart-2\/#primaryimage"},"image":{"@id":"https:\/\/aciccolombia.org\/cart-2\/#primaryimage"},"thumbnailUrl":"https:\/\/aciccolombia.org\/wp-content\/uploads\/2022\/07\/Portada-Libro-Acic-2-300x300.png","datePublished":"2023-02-13T23:59:12+00:00","dateModified":"2023-12-18T16:51:28+00:00","breadcrumb":{"@id":"https:\/\/aciccolombia.org\/cart-2\/#breadcrumb"},"inLanguage":"en-US","potentialAction":[{"@type":"ReadAction","target":["https:\/\/aciccolombia.org\/cart-2\/"]}]},{"@type":"ImageObject","inLanguage":"en-US","@id":"https:\/\/aciccolombia.org\/cart-2\/#primaryimage","url":"https:\/\/aciccolombia.org\/wp-content\/uploads\/2022\/07\/Portada-Libro-Acic-2-300x300.png","contentUrl":"https:\/\/aciccolombia.org\/wp-content\/uploads\/2022\/07\/Portada-Libro-Acic-2-300x300.png"},{"@type":"BreadcrumbList","@id":"https:\/\/aciccolombia.org\/cart-2\/#breadcrumb","itemListElement":[{"@type":"ListItem","position":1,"name":"Inicio","item":"https:\/\/aciccolombia.org\/home-10\/"},{"@type":"ListItem","position":2,"name":"Cart"}]},{"@type":"WebSite","@id":"https:\/\/aciccolombia.org\/#website","url":"https:\/\/aciccolombia.org\/","name":"ACIC","description":"","publisher":{"@id":"https:\/\/aciccolombia.org\/#organization"},"potentialAction":[{"@type":"SearchAction","target":{"@type":"EntryPoint","urlTemplate":"https:\/\/aciccolombia.org\/?s={search_term_string}"},"query-input":{"@type":"PropertyValueSpecification","valueRequired":true,"valueName":"search_term_string"}}],"inLanguage":"en-US"},{"@type":"Organization","@id":"https:\/\/aciccolombia.org\/#organization","name":"ACIC","url":"https:\/\/aciccolombia.org\/","logo":{"@type":"ImageObject","inLanguage":"en-US","@id":"https:\/\/aciccolombia.org\/#\/schema\/logo\/image\/","url":"https:\/\/aciccolombia.org\/wp-content\/uploads\/2023\/03\/logo-acic.webp","contentUrl":"https:\/\/aciccolombia.org\/wp-content\/uploads\/2023\/03\/logo-acic.webp","width":271,"height":121,"caption":"ACIC"},"image":{"@id":"https:\/\/aciccolombia.org\/#\/schema\/logo\/image\/"}}]}},"_links":{"self":[{"href":"https:\/\/aciccolombia.org\/en\/wp-json\/wp\/v2\/pages\/23852","targetHints":{"allow":["GET"]}}],"collection":[{"href":"https:\/\/aciccolombia.org\/en\/wp-json\/wp\/v2\/pages"}],"about":[{"href":"https:\/\/aciccolombia.org\/en\/wp-json\/wp\/v2\/types\/page"}],"author":[{"embeddable":true,"href":"https:\/\/aciccolombia.org\/en\/wp-json\/wp\/v2\/users\/1"}],"replies":[{"embeddable":true,"href":"https:\/\/aciccolombia.org\/en\/wp-json\/wp\/v2\/comments?post=23852"}],"version-history":[{"count":0,"href":"https:\/\/aciccolombia.org\/en\/wp-json\/wp\/v2\/pages\/23852\/revisions"}],"wp:attachment":[{"href":"https:\/\/aciccolombia.org\/en\/wp-json\/wp\/v2\/media?parent=23852"}],"curies":[{"name":"wp","href":"https:\/\/api.w.org\/{rel}","templated":true}]}}